{"id":1210,"date":"2026-02-23T03:05:31","date_gmt":"2026-02-23T03:05:31","guid":{"rendered":"https:\/\/dislab.bcardmexico.com\/?product=bc-5150-mindray-analizador"},"modified":"2026-02-23T03:05:31","modified_gmt":"2026-02-23T03:05:31","slug":"bc-5150-mindray-analizador","status":"publish","type":"product","link":"https:\/\/dislab.bcardmexico.com\/?product=bc-5150-mindray-analizador","title":{"rendered":"BC 5150 MINDRAY ANALIZADOR"},"content":{"rendered":"","protected":false},"excerpt":{"rendered":"<p>BC-5150 \u2013 Analizador Hematol\u00f3gico Autom\u00e1tico de 5 Partes (Mindray)<br \/>\nEl BC-5150 es el analizador hematol\u00f3gico m\u00e1s compacto y ligero de 5 partes de Mindray, dise\u00f1ado para laboratorios con espacio limitado, volumen de muestras moderado y presupuestos ajustados.<\/p>\n","protected":false},"featured_media":0,"comment_status":"open","ping_status":"closed","template":"","meta":[],"etheme_brands":[],"product_brand":[],"product_cat":[34,31,33],"product_tag":[36,87,88,35,37,68],"class_list":{"0":"post-1210","1":"product","2":"type-product","3":"status-publish","5":"product_cat-analizadores","6":"product_cat-reactivos","7":"product_cat-soporte-tecnico","8":"product_tag-5-partes","9":"product_tag-bc","10":"product_tag-bc5150","11":"product_tag-equipo","12":"product_tag-hemato","13":"product_tag-mindray","15":"first","16":"instock","17":"shipping-taxable","18":"product-type-simple"},"yoast_head":"<!-- This site is optimized with the Yoast SEO Premium plugin v23.4 (Yoast SEO v23.4) - https:\/\/yoast.com\/wordpress\/plugins\/seo\/ -->\n<title>BC 5150 MINDRAY ANALIZADOR - Everything Inc.<\/title>\n<meta name=\"robots\" content=\"index, follow, max-snippet:-1, max-image-preview:large, max-video-preview:-1\" \/>\n<link rel=\"canonical\" href=\"https:\/\/dislab.bcardmexico.com\/?product=bc-5150-mindray-analizador\" \/>\n<meta property=\"og:locale\" content=\"es_MX\" \/>\n<meta property=\"og:type\" content=\"article\" \/>\n<meta property=\"og:title\" content=\"BC 5150 MINDRAY ANALIZADOR\" \/>\n<meta property=\"og:description\" content=\"BC-5150 \u2013 Analizador Hematol\u00f3gico Autom\u00e1tico de 5 Partes (Mindray) El BC-5150 es el analizador hematol\u00f3gico m\u00e1s compacto y ligero de 5 partes de Mindray, dise\u00f1ado para laboratorios con espacio limitado, volumen de muestras moderado y presupuestos ajustados.\" \/>\n<meta property=\"og:url\" content=\"https:\/\/dislab.bcardmexico.com\/?product=bc-5150-mindray-analizador\" \/>\n<meta property=\"og:site_name\" content=\"Everything Inc.\" \/>\n<meta property=\"og:image\" content=\"https:\/\/dislab.bcardmexico.com\/wp-content\/uploads\/2026\/02\/Miniatura-1.jpg\" \/>\n\t<meta property=\"og:image:width\" content=\"2556\" \/>\n\t<meta property=\"og:image:height\" content=\"2556\" \/>\n\t<meta property=\"og:image:type\" content=\"image\/jpeg\" \/>\n<meta name=\"twitter:card\" content=\"summary_large_image\" \/>\n<script type=\"application\/ld+json\" class=\"yoast-schema-graph\">{\"@context\":\"https:\/\/schema.org\",\"@graph\":[{\"@type\":\"WebPage\",\"@id\":\"https:\/\/dislab.bcardmexico.com\/?product=bc-5150-mindray-analizador\",\"url\":\"https:\/\/dislab.bcardmexico.com\/?product=bc-5150-mindray-analizador\",\"name\":\"BC 5150 MINDRAY ANALIZADOR - Everything Inc.\",\"isPartOf\":{\"@id\":\"https:\/\/dislab.bcardmexico.com\/#website\"},\"datePublished\":\"2026-02-23T03:05:31+00:00\",\"dateModified\":\"2026-02-23T03:05:31+00:00\",\"breadcrumb\":{\"@id\":\"https:\/\/dislab.bcardmexico.com\/?product=bc-5150-mindray-analizador#breadcrumb\"},\"inLanguage\":\"es\",\"potentialAction\":[{\"@type\":\"ReadAction\",\"target\":[\"https:\/\/dislab.bcardmexico.com\/?product=bc-5150-mindray-analizador\"]}]},{\"@type\":\"BreadcrumbList\",\"@id\":\"https:\/\/dislab.bcardmexico.com\/?product=bc-5150-mindray-analizador#breadcrumb\",\"itemListElement\":[{\"@type\":\"ListItem\",\"position\":1,\"name\":\"Inicio\",\"item\":\"https:\/\/dislab.bcardmexico.com\/\"},{\"@type\":\"ListItem\",\"position\":2,\"name\":\"Shop\",\"item\":\"https:\/\/dislab.bcardmexico.com\/?page_id=12\"},{\"@type\":\"ListItem\",\"position\":3,\"name\":\"BC 5150 MINDRAY ANALIZADOR\"}]},{\"@type\":\"WebSite\",\"@id\":\"https:\/\/dislab.bcardmexico.com\/#website\",\"url\":\"https:\/\/dislab.bcardmexico.com\/\",\"name\":\"Dislab\",\"description\":\"\",\"publisher\":{\"@id\":\"https:\/\/dislab.bcardmexico.com\/#organization\"},\"alternateName\":\"Dislab\",\"potentialAction\":[{\"@type\":\"SearchAction\",\"target\":{\"@type\":\"EntryPoint\",\"urlTemplate\":\"https:\/\/dislab.bcardmexico.com\/?s={search_term_string}\"},\"query-input\":{\"@type\":\"PropertyValueSpecification\",\"valueRequired\":true,\"valueName\":\"search_term_string\"}}],\"inLanguage\":\"es\"},{\"@type\":\"Organization\",\"@id\":\"https:\/\/dislab.bcardmexico.com\/#organization\",\"name\":\"Dislab\",\"url\":\"https:\/\/dislab.bcardmexico.com\/\",\"logo\":{\"@type\":\"ImageObject\",\"inLanguage\":\"es\",\"@id\":\"https:\/\/dislab.bcardmexico.com\/#\/schema\/logo\/image\/\",\"url\":\"https:\/\/dislab.bcardmexico.com\/wp-content\/uploads\/2022\/02\/Logo.png\",\"contentUrl\":\"https:\/\/dislab.bcardmexico.com\/wp-content\/uploads\/2022\/02\/Logo.png\",\"width\":150,\"height\":48,\"caption\":\"Dislab\"},\"image\":{\"@id\":\"https:\/\/dislab.bcardmexico.com\/#\/schema\/logo\/image\/\"}}]}<\/script>\n<!-- \/ Yoast SEO Premium plugin. -->","yoast_head_json":{"title":"BC 5150 MINDRAY ANALIZADOR - Everything Inc.","robots":{"index":"index","follow":"follow","max-snippet":"max-snippet:-1","max-image-preview":"max-image-preview:large","max-video-preview":"max-video-preview:-1"},"canonical":"https:\/\/dislab.bcardmexico.com\/?product=bc-5150-mindray-analizador","og_locale":"es_MX","og_type":"article","og_title":"BC 5150 MINDRAY ANALIZADOR","og_description":"BC-5150 \u2013 Analizador Hematol\u00f3gico Autom\u00e1tico de 5 Partes (Mindray) El BC-5150 es el analizador hematol\u00f3gico m\u00e1s compacto y ligero de 5 partes de Mindray, dise\u00f1ado para laboratorios con espacio limitado, volumen de muestras moderado y presupuestos ajustados.","og_url":"https:\/\/dislab.bcardmexico.com\/?product=bc-5150-mindray-analizador","og_site_name":"Everything Inc.","og_image":[{"width":2556,"height":2556,"url":"https:\/\/dislab.bcardmexico.com\/wp-content\/uploads\/2026\/02\/Miniatura-1.jpg","type":"image\/jpeg"}],"twitter_card":"summary_large_image","schema":{"@context":"https:\/\/schema.org","@graph":[{"@type":"WebPage","@id":"https:\/\/dislab.bcardmexico.com\/?product=bc-5150-mindray-analizador","url":"https:\/\/dislab.bcardmexico.com\/?product=bc-5150-mindray-analizador","name":"BC 5150 MINDRAY ANALIZADOR - Everything Inc.","isPartOf":{"@id":"https:\/\/dislab.bcardmexico.com\/#website"},"datePublished":"2026-02-23T03:05:31+00:00","dateModified":"2026-02-23T03:05:31+00:00","breadcrumb":{"@id":"https:\/\/dislab.bcardmexico.com\/?product=bc-5150-mindray-analizador#breadcrumb"},"inLanguage":"es","potentialAction":[{"@type":"ReadAction","target":["https:\/\/dislab.bcardmexico.com\/?product=bc-5150-mindray-analizador"]}]},{"@type":"BreadcrumbList","@id":"https:\/\/dislab.bcardmexico.com\/?product=bc-5150-mindray-analizador#breadcrumb","itemListElement":[{"@type":"ListItem","position":1,"name":"Inicio","item":"https:\/\/dislab.bcardmexico.com\/"},{"@type":"ListItem","position":2,"name":"Shop","item":"https:\/\/dislab.bcardmexico.com\/?page_id=12"},{"@type":"ListItem","position":3,"name":"BC 5150 MINDRAY ANALIZADOR"}]},{"@type":"WebSite","@id":"https:\/\/dislab.bcardmexico.com\/#website","url":"https:\/\/dislab.bcardmexico.com\/","name":"Dislab","description":"","publisher":{"@id":"https:\/\/dislab.bcardmexico.com\/#organization"},"alternateName":"Dislab","potentialAction":[{"@type":"SearchAction","target":{"@type":"EntryPoint","urlTemplate":"https:\/\/dislab.bcardmexico.com\/?s={search_term_string}"},"query-input":{"@type":"PropertyValueSpecification","valueRequired":true,"valueName":"search_term_string"}}],"inLanguage":"es"},{"@type":"Organization","@id":"https:\/\/dislab.bcardmexico.com\/#organization","name":"Dislab","url":"https:\/\/dislab.bcardmexico.com\/","logo":{"@type":"ImageObject","inLanguage":"es","@id":"https:\/\/dislab.bcardmexico.com\/#\/schema\/logo\/image\/","url":"https:\/\/dislab.bcardmexico.com\/wp-content\/uploads\/2022\/02\/Logo.png","contentUrl":"https:\/\/dislab.bcardmexico.com\/wp-content\/uploads\/2022\/02\/Logo.png","width":150,"height":48,"caption":"Dislab"},"image":{"@id":"https:\/\/dislab.bcardmexico.com\/#\/schema\/logo\/image\/"}}]}},"_links":{"self":[{"href":"https:\/\/dislab.bcardmexico.com\/index.php?rest_route=\/wp\/v2\/product\/1210","targetHints":{"allow":["GET"]}}],"collection":[{"href":"https:\/\/dislab.bcardmexico.com\/index.php?rest_route=\/wp\/v2\/product"}],"about":[{"href":"https:\/\/dislab.bcardmexico.com\/index.php?rest_route=\/wp\/v2\/types\/product"}],"replies":[{"embeddable":true,"href":"https:\/\/dislab.bcardmexico.com\/index.php?rest_route=%2Fwp%2Fv2%2Fcomments&post=1210"}],"version-history":[{"count":0,"href":"https:\/\/dislab.bcardmexico.com\/index.php?rest_route=\/wp\/v2\/product\/1210\/revisions"}],"wp:attachment":[{"href":"https:\/\/dislab.bcardmexico.com\/index.php?rest_route=%2Fwp%2Fv2%2Fmedia&parent=1210"}],"wp:term":[{"taxonomy":"brand","embeddable":true,"href":"https:\/\/dislab.bcardmexico.com\/index.php?rest_route=%2Fwp%2Fv2%2Fetheme_brands&post=1210"},{"taxonomy":"product_brand","embeddable":true,"href":"https:\/\/dislab.bcardmexico.com\/index.php?rest_route=%2Fwp%2Fv2%2Fproduct_brand&post=1210"},{"taxonomy":"product_cat","embeddable":true,"href":"https:\/\/dislab.bcardmexico.com\/index.php?rest_route=%2Fwp%2Fv2%2Fproduct_cat&post=1210"},{"taxonomy":"product_tag","embeddable":true,"href":"https:\/\/dislab.bcardmexico.com\/index.php?rest_route=%2Fwp%2Fv2%2Fproduct_tag&post=1210"}],"curies":[{"name":"wp","href":"https:\/\/api.w.org\/{rel}","templated":true}]}}