{"id":1136,"date":"2026-02-22T05:17:08","date_gmt":"2026-02-22T05:17:08","guid":{"rendered":"https:\/\/dislab.bcardmexico.com\/?post_type=product&#038;p=1136"},"modified":"2026-02-23T03:03:39","modified_gmt":"2026-02-23T03:03:39","slug":"dxh500","status":"publish","type":"product","link":"https:\/\/dislab.bcardmexico.com\/?product=dxh500","title":{"rendered":"DXH500 ANALIZADOR HEMATOLOGICO"},"content":{"rendered":"<h1 class=\"product_title entry-title\">DXH 500<\/h1>\n<p>Descripci\u00f3n General.<\/p>\n<p><strong>Pase tiempo con sus pacientes, no con su analizador\u00a0<\/strong><\/p>\n<ul>\n<li>Maximice el tiempo de actividad con confiabilidad incorporada, arranque autom\u00e1tico, uso eficiente de reactivos y f\u00e1cil reemplazo de reactivos<\/li>\n<li>Libere tiempo para concentrarse en actividades de mayor valor con la capacidad de cambiar los tres reactivos en menos de cinco minutos<\/li>\n<li>Utilice un 50% menos de reactivo, consuma reactivos la mitad de r\u00e1pido y tarde menos en cambiar y reponer reactivos con el enfoque eficiente del analizador<\/li>\n<\/ul>\n<p><strong>Aproveche la precisi\u00f3n de una sola muestra\u00a0<\/strong><\/p>\n<ul>\n<li>Obtenga resultados precisos con muestras tan peque\u00f1as como 12 \u03bcL de sangre<\/li>\n<li>Ahorre tiempo repitiendo las pruebas en la misma muestra sin otro sorteo<\/li>\n<\/ul>\n<p><strong>Mejorar la eficiencia del laboratorio\u00a0<\/strong><\/p>\n<ul>\n<li>Habilite un an\u00e1lisis r\u00e1pido con el dise\u00f1o flu\u00eddico \u00fanico del analizador<\/li>\n<li>Conserve un valioso espacio en el banco con el tama\u00f1o reducido del analizador hematol\u00f3gico DxH 500 y la computadora integrada<\/li>\n<li>Reduzca la complejidad operativa con la interfaz de usuario simplificada, que permite ejecutar cualquier comando en tres toques o menos<\/li>\n<li>Avance en sus esfuerzos para prescindir del papel con la interfaz LIS bidireccional del analizador<\/li>\n<\/ul>\n<p><strong>Reducir los costos operativos\u00a0\u00a0<\/strong><\/p>\n<ul>\n<li>Reducir los costes de eliminaci\u00f3n con reactivos libres de cianuro, azida y formaldeh\u00eddo<\/li>\n<li>Facturas de electricidad m\u00e1s bajas con un manejo eficiente de la energ\u00eda DxH 500\u2019s<\/li>\n<\/ul>\n<div class=\"woocommerce-product-details__short-description\">\n<p>&nbsp;<\/p>\n<\/div>\n","protected":false},"excerpt":{"rendered":"<p>\u2022 Analizador de mediano rendimiento, 21 par\u00e1metros incluyendo diferencial en 5 poblaciones. 60 pruebas \/Hr.<br \/>\n\u2022 Principio de medici\u00f3n por impedancia y \u00f3ptico.<br \/>\n\u2022 Programa de control de calidad integrado.<br \/>\n\u2022 Volumen de muestra del 12\u00b5L.<\/p>\n","protected":false},"featured_media":1152,"comment_status":"open","ping_status":"closed","template":"","meta":[],"etheme_brands":[],"product_brand":[],"product_cat":[34,31,33],"product_tag":[36,38,40,35,37],"class_list":{"0":"post-1136","1":"product","2":"type-product","3":"status-publish","4":"has-post-thumbnail","6":"product_cat-analizadores","7":"product_cat-reactivos","8":"product_cat-soporte-tecnico","9":"product_tag-5-partes","10":"product_tag-beckman-coulter","11":"product_tag-coulter","12":"product_tag-equipo","13":"product_tag-hemato","15":"first","16":"instock","17":"shipping-taxable","18":"product-type-simple"},"yoast_head":"<!-- This site is optimized with the Yoast SEO Premium plugin v23.4 (Yoast SEO v23.4) - https:\/\/yoast.com\/wordpress\/plugins\/seo\/ -->\n<title>DXH500 ANALIZADOR HEMATOLOGICO - Everything Inc.<\/title>\n<meta name=\"robots\" content=\"index, follow, max-snippet:-1, max-image-preview:large, max-video-preview:-1\" \/>\n<link rel=\"canonical\" href=\"https:\/\/dislab.bcardmexico.com\/?product=dxh500\" \/>\n<meta property=\"og:locale\" content=\"es_MX\" \/>\n<meta property=\"og:type\" content=\"article\" \/>\n<meta property=\"og:title\" content=\"DXH500 ANALIZADOR HEMATOLOGICO\" \/>\n<meta property=\"og:description\" content=\"\u2022 Analizador de mediano rendimiento, 21 par\u00e1metros incluyendo diferencial en 5 poblaciones. 60 pruebas \/Hr. \u2022 Principio de medici\u00f3n por impedancia y \u00f3ptico. \u2022 Programa de control de calidad integrado. \u2022 Volumen de muestra del 12\u00b5L.\" \/>\n<meta property=\"og:url\" content=\"https:\/\/dislab.bcardmexico.com\/?product=dxh500\" \/>\n<meta property=\"og:site_name\" content=\"Everything Inc.\" \/>\n<meta property=\"article:modified_time\" content=\"2026-02-23T03:03:39+00:00\" \/>\n<meta property=\"og:image\" content=\"https:\/\/dislab.bcardmexico.com\/wp-content\/uploads\/2026\/02\/hem-dxh500-web.webp\" \/>\n\t<meta property=\"og:image:width\" content=\"563\" \/>\n\t<meta property=\"og:image:height\" content=\"480\" \/>\n\t<meta property=\"og:image:type\" content=\"image\/webp\" \/>\n<meta name=\"twitter:card\" content=\"summary_large_image\" \/>\n<meta name=\"twitter:label1\" content=\"Tiempo de lectura\" \/>\n\t<meta name=\"twitter:data1\" content=\"2 minutos\" \/>\n<script type=\"application\/ld+json\" class=\"yoast-schema-graph\">{\"@context\":\"https:\/\/schema.org\",\"@graph\":[{\"@type\":\"WebPage\",\"@id\":\"https:\/\/dislab.bcardmexico.com\/?product=dxh500\",\"url\":\"https:\/\/dislab.bcardmexico.com\/?product=dxh500\",\"name\":\"DXH500 ANALIZADOR HEMATOLOGICO - Everything Inc.\",\"isPartOf\":{\"@id\":\"https:\/\/dislab.bcardmexico.com\/#website\"},\"primaryImageOfPage\":{\"@id\":\"https:\/\/dislab.bcardmexico.com\/?product=dxh500#primaryimage\"},\"image\":{\"@id\":\"https:\/\/dislab.bcardmexico.com\/?product=dxh500#primaryimage\"},\"thumbnailUrl\":\"https:\/\/dislab.bcardmexico.com\/wp-content\/uploads\/2026\/02\/hem-dxh500-web.webp\",\"datePublished\":\"2026-02-22T05:17:08+00:00\",\"dateModified\":\"2026-02-23T03:03:39+00:00\",\"breadcrumb\":{\"@id\":\"https:\/\/dislab.bcardmexico.com\/?product=dxh500#breadcrumb\"},\"inLanguage\":\"es\",\"potentialAction\":[{\"@type\":\"ReadAction\",\"target\":[\"https:\/\/dislab.bcardmexico.com\/?product=dxh500\"]}]},{\"@type\":\"ImageObject\",\"inLanguage\":\"es\",\"@id\":\"https:\/\/dislab.bcardmexico.com\/?product=dxh500#primaryimage\",\"url\":\"https:\/\/dislab.bcardmexico.com\/wp-content\/uploads\/2026\/02\/hem-dxh500-web.webp\",\"contentUrl\":\"https:\/\/dislab.bcardmexico.com\/wp-content\/uploads\/2026\/02\/hem-dxh500-web.webp\",\"width\":563,\"height\":480},{\"@type\":\"BreadcrumbList\",\"@id\":\"https:\/\/dislab.bcardmexico.com\/?product=dxh500#breadcrumb\",\"itemListElement\":[{\"@type\":\"ListItem\",\"position\":1,\"name\":\"Inicio\",\"item\":\"https:\/\/dislab.bcardmexico.com\/\"},{\"@type\":\"ListItem\",\"position\":2,\"name\":\"Shop\",\"item\":\"https:\/\/dislab.bcardmexico.com\/?page_id=12\"},{\"@type\":\"ListItem\",\"position\":3,\"name\":\"DXH500 ANALIZADOR HEMATOLOGICO\"}]},{\"@type\":\"WebSite\",\"@id\":\"https:\/\/dislab.bcardmexico.com\/#website\",\"url\":\"https:\/\/dislab.bcardmexico.com\/\",\"name\":\"Dislab\",\"description\":\"\",\"publisher\":{\"@id\":\"https:\/\/dislab.bcardmexico.com\/#organization\"},\"alternateName\":\"Dislab\",\"potentialAction\":[{\"@type\":\"SearchAction\",\"target\":{\"@type\":\"EntryPoint\",\"urlTemplate\":\"https:\/\/dislab.bcardmexico.com\/?s={search_term_string}\"},\"query-input\":{\"@type\":\"PropertyValueSpecification\",\"valueRequired\":true,\"valueName\":\"search_term_string\"}}],\"inLanguage\":\"es\"},{\"@type\":\"Organization\",\"@id\":\"https:\/\/dislab.bcardmexico.com\/#organization\",\"name\":\"Dislab\",\"url\":\"https:\/\/dislab.bcardmexico.com\/\",\"logo\":{\"@type\":\"ImageObject\",\"inLanguage\":\"es\",\"@id\":\"https:\/\/dislab.bcardmexico.com\/#\/schema\/logo\/image\/\",\"url\":\"https:\/\/dislab.bcardmexico.com\/wp-content\/uploads\/2022\/02\/Logo.png\",\"contentUrl\":\"https:\/\/dislab.bcardmexico.com\/wp-content\/uploads\/2022\/02\/Logo.png\",\"width\":150,\"height\":48,\"caption\":\"Dislab\"},\"image\":{\"@id\":\"https:\/\/dislab.bcardmexico.com\/#\/schema\/logo\/image\/\"}}]}<\/script>\n<!-- \/ Yoast SEO Premium plugin. -->","yoast_head_json":{"title":"DXH500 ANALIZADOR HEMATOLOGICO - Everything Inc.","robots":{"index":"index","follow":"follow","max-snippet":"max-snippet:-1","max-image-preview":"max-image-preview:large","max-video-preview":"max-video-preview:-1"},"canonical":"https:\/\/dislab.bcardmexico.com\/?product=dxh500","og_locale":"es_MX","og_type":"article","og_title":"DXH500 ANALIZADOR HEMATOLOGICO","og_description":"\u2022 Analizador de mediano rendimiento, 21 par\u00e1metros incluyendo diferencial en 5 poblaciones. 60 pruebas \/Hr. \u2022 Principio de medici\u00f3n por impedancia y \u00f3ptico. \u2022 Programa de control de calidad integrado. \u2022 Volumen de muestra del 12\u00b5L.","og_url":"https:\/\/dislab.bcardmexico.com\/?product=dxh500","og_site_name":"Everything Inc.","article_modified_time":"2026-02-23T03:03:39+00:00","og_image":[{"width":563,"height":480,"url":"https:\/\/dislab.bcardmexico.com\/wp-content\/uploads\/2026\/02\/hem-dxh500-web.webp","type":"image\/webp"}],"twitter_card":"summary_large_image","twitter_misc":{"Tiempo de lectura":"2 minutos"},"schema":{"@context":"https:\/\/schema.org","@graph":[{"@type":"WebPage","@id":"https:\/\/dislab.bcardmexico.com\/?product=dxh500","url":"https:\/\/dislab.bcardmexico.com\/?product=dxh500","name":"DXH500 ANALIZADOR HEMATOLOGICO - Everything Inc.","isPartOf":{"@id":"https:\/\/dislab.bcardmexico.com\/#website"},"primaryImageOfPage":{"@id":"https:\/\/dislab.bcardmexico.com\/?product=dxh500#primaryimage"},"image":{"@id":"https:\/\/dislab.bcardmexico.com\/?product=dxh500#primaryimage"},"thumbnailUrl":"https:\/\/dislab.bcardmexico.com\/wp-content\/uploads\/2026\/02\/hem-dxh500-web.webp","datePublished":"2026-02-22T05:17:08+00:00","dateModified":"2026-02-23T03:03:39+00:00","breadcrumb":{"@id":"https:\/\/dislab.bcardmexico.com\/?product=dxh500#breadcrumb"},"inLanguage":"es","potentialAction":[{"@type":"ReadAction","target":["https:\/\/dislab.bcardmexico.com\/?product=dxh500"]}]},{"@type":"ImageObject","inLanguage":"es","@id":"https:\/\/dislab.bcardmexico.com\/?product=dxh500#primaryimage","url":"https:\/\/dislab.bcardmexico.com\/wp-content\/uploads\/2026\/02\/hem-dxh500-web.webp","contentUrl":"https:\/\/dislab.bcardmexico.com\/wp-content\/uploads\/2026\/02\/hem-dxh500-web.webp","width":563,"height":480},{"@type":"BreadcrumbList","@id":"https:\/\/dislab.bcardmexico.com\/?product=dxh500#breadcrumb","itemListElement":[{"@type":"ListItem","position":1,"name":"Inicio","item":"https:\/\/dislab.bcardmexico.com\/"},{"@type":"ListItem","position":2,"name":"Shop","item":"https:\/\/dislab.bcardmexico.com\/?page_id=12"},{"@type":"ListItem","position":3,"name":"DXH500 ANALIZADOR HEMATOLOGICO"}]},{"@type":"WebSite","@id":"https:\/\/dislab.bcardmexico.com\/#website","url":"https:\/\/dislab.bcardmexico.com\/","name":"Dislab","description":"","publisher":{"@id":"https:\/\/dislab.bcardmexico.com\/#organization"},"alternateName":"Dislab","potentialAction":[{"@type":"SearchAction","target":{"@type":"EntryPoint","urlTemplate":"https:\/\/dislab.bcardmexico.com\/?s={search_term_string}"},"query-input":{"@type":"PropertyValueSpecification","valueRequired":true,"valueName":"search_term_string"}}],"inLanguage":"es"},{"@type":"Organization","@id":"https:\/\/dislab.bcardmexico.com\/#organization","name":"Dislab","url":"https:\/\/dislab.bcardmexico.com\/","logo":{"@type":"ImageObject","inLanguage":"es","@id":"https:\/\/dislab.bcardmexico.com\/#\/schema\/logo\/image\/","url":"https:\/\/dislab.bcardmexico.com\/wp-content\/uploads\/2022\/02\/Logo.png","contentUrl":"https:\/\/dislab.bcardmexico.com\/wp-content\/uploads\/2022\/02\/Logo.png","width":150,"height":48,"caption":"Dislab"},"image":{"@id":"https:\/\/dislab.bcardmexico.com\/#\/schema\/logo\/image\/"}}]}},"_links":{"self":[{"href":"https:\/\/dislab.bcardmexico.com\/index.php?rest_route=\/wp\/v2\/product\/1136","targetHints":{"allow":["GET"]}}],"collection":[{"href":"https:\/\/dislab.bcardmexico.com\/index.php?rest_route=\/wp\/v2\/product"}],"about":[{"href":"https:\/\/dislab.bcardmexico.com\/index.php?rest_route=\/wp\/v2\/types\/product"}],"replies":[{"embeddable":true,"href":"https:\/\/dislab.bcardmexico.com\/index.php?rest_route=%2Fwp%2Fv2%2Fcomments&post=1136"}],"version-history":[{"count":5,"href":"https:\/\/dislab.bcardmexico.com\/index.php?rest_route=\/wp\/v2\/product\/1136\/revisions"}],"predecessor-version":[{"id":1143,"href":"https:\/\/dislab.bcardmexico.com\/index.php?rest_route=\/wp\/v2\/product\/1136\/revisions\/1143"}],"wp:featuredmedia":[{"embeddable":true,"href":"https:\/\/dislab.bcardmexico.com\/index.php?rest_route=\/wp\/v2\/media\/1152"}],"wp:attachment":[{"href":"https:\/\/dislab.bcardmexico.com\/index.php?rest_route=%2Fwp%2Fv2%2Fmedia&parent=1136"}],"wp:term":[{"taxonomy":"brand","embeddable":true,"href":"https:\/\/dislab.bcardmexico.com\/index.php?rest_route=%2Fwp%2Fv2%2Fetheme_brands&post=1136"},{"taxonomy":"product_brand","embeddable":true,"href":"https:\/\/dislab.bcardmexico.com\/index.php?rest_route=%2Fwp%2Fv2%2Fproduct_brand&post=1136"},{"taxonomy":"product_cat","embeddable":true,"href":"https:\/\/dislab.bcardmexico.com\/index.php?rest_route=%2Fwp%2Fv2%2Fproduct_cat&post=1136"},{"taxonomy":"product_tag","embeddable":true,"href":"https:\/\/dislab.bcardmexico.com\/index.php?rest_route=%2Fwp%2Fv2%2Fproduct_tag&post=1136"}],"curies":[{"name":"wp","href":"https:\/\/api.w.org\/{rel}","templated":true}]}}